{"id":54,"date":"2024-02-18T18:15:49","date_gmt":"2024-02-18T17:15:49","guid":{"rendered":"https:\/\/nrcavocat.com\/?page_id=54"},"modified":"2024-03-10T19:22:50","modified_gmt":"2024-03-10T18:22:50","slug":"designer-maitre-ruinier-caubet","status":"publish","type":"page","link":"https:\/\/nrcavocat.com\/index.php\/designer-maitre-ruinier-caubet\/","title":{"rendered":"D\u00e9signer Ma\u00eetre RUINIER-CAUBET"},"content":{"rendered":"\n<p class=\"has-normal-font-size\" style=\"margin-top:var(--wp--preset--spacing--30);margin-bottom:var(--wp--preset--spacing--30)\">En cas d&#8217;urgence (notamment en cas de garde-\u00e0-vue ou de d\u00e9f\u00e8rement), Ma\u00eetre RUINIER-CAUBET est joignable 24h\/24, 7j\/7 par t\u00e9l\u00e9phone.<\/p>\n\n\n\n<p class=\"has-normal-font-size\" style=\"margin-top:var(--wp--preset--spacing--30);margin-bottom:var(--wp--preset--spacing--30)\">Dans les autres situations, il est recommand\u00e9 de prendre rendez-vous en adressant un courriel \u00e0 l\u2019adresse indiqu\u00e9e en formulaire de contact. Un rendez-vous vous sera propos\u00e9 dans les meilleurs d\u00e9lais.<\/p>\n\n\n\n<p class=\"has-normal-font-size\" id=\"yui_3_17_2_1_1708250897242_562\" style=\"margin-top:var(--wp--preset--spacing--30);margin-bottom:var(--wp--preset--spacing--30)\"><span style=\"text-decoration: underline;\"><strong>Cas particulier de la garde \u00e0 vue.<\/strong><\/span><\/p>\n\n\n\n<p class=\"has-normal-font-size\" style=\"margin-top:var(--wp--preset--spacing--30);margin-bottom:var(--wp--preset--spacing--30)\">Le gard\u00e9 \u00e0 vue peut \u00e0 tout moment d\u00e9signer l\u2019Avocat de son choix. Il est fait obligation \u00e0 l\u2019officier de police judiciaire de contacter l\u2019Avocat d\u00e9sign\u00e9 pour organiser son intervention.<\/p>\n\n\n\n<p class=\"has-normal-font-size\" style=\"margin-top:var(--wp--preset--spacing--30);margin-bottom:var(--wp--preset--spacing--30)\">La famille d\u2019une personne plac\u00e9e en garde \u00e0 vue peut \u00e9galement d\u00e9signer un Avocat pour le compte de leur proche. Il convient alors de contacter directement l\u2019Avocat, qui prendra ensuite attache avec le commissariat pour faire confirmer sa d\u00e9signation aupr\u00e8s de la personne interpell\u00e9e.<\/p>\n\n\n\n<p class=\"has-normal-font-size\" style=\"margin-top:var(--wp--preset--spacing--30);margin-bottom:var(--wp--preset--spacing--30)\"><span style=\"text-decoration: underline;\"><strong>Cas particulier de la personne d\u00e9tenue<\/strong><\/span><\/p>\n\n\n\n<p class=\"has-normal-font-size\" style=\"margin-top:var(--wp--preset--spacing--30);margin-bottom:var(--wp--preset--spacing--30)\">Si vous \u00eates d\u00e9tenu.e, il est n\u00e9cessaire d\u2019adresser par courrier postal au Cabinet une lettre de d\u00e9signation pr\u00e9cisant la nature de votre affaire (type de faits, date, lieu du tribunal saisi, date d\u2019audience, etc), et d&#8217;y joindre \u00e9ventuellement une copie de votre convocation et les r\u00e9f\u00e9rences de la proc\u00e9dure.<\/p>\n\n\n\n<p class=\"has-normal-font-size\" style=\"margin-top:var(--wp--preset--spacing--30);margin-bottom:var(--wp--preset--spacing--30)\">Ceci permettra \u00e0 l\u2019Avocat de demander une permis de communiquer, de venir vous rendre visite et d\u2019acc\u00e9der \u00e0 votre dossier p\u00e9nal.<\/p>\n","protected":false},"excerpt":{"rendered":"<p>En cas d&#8217;urgence (notamment en cas de garde-\u00e0-vue ou de d\u00e9f\u00e8rement), Ma\u00eetre RUINIER-CAUBET est joignable 24h\/24, 7j\/7 par t\u00e9l\u00e9phone. Dans les autres situations, il est recommand\u00e9 de prendre rendez-vous en adressant un courriel \u00e0 l\u2019adresse indiqu\u00e9e en formulaire de contact. Un rendez-vous vous sera propos\u00e9 dans les meilleurs d\u00e9lais. Cas particulier de la garde \u00e0 [&hellip;]<\/p>\n","protected":false},"author":1,"featured_media":0,"parent":0,"menu_order":0,"comment_status":"closed","ping_status":"closed","template":"","meta":{"om_disable_all_campaigns":false,"_monsterinsights_skip_tracking":false,"_monsterinsights_sitenote_active":false,"_monsterinsights_sitenote_note":"","_monsterinsights_sitenote_category":0,"_uf_show_specific_survey":0,"_uf_disable_surveys":false,"footnotes":""},"aioseo_notices":[],"_links":{"self":[{"href":"https:\/\/nrcavocat.com\/index.php\/wp-json\/wp\/v2\/pages\/54"}],"collection":[{"href":"https:\/\/nrcavocat.com\/index.php\/wp-json\/wp\/v2\/pages"}],"about":[{"href":"https:\/\/nrcavocat.com\/index.php\/wp-json\/wp\/v2\/types\/page"}],"author":[{"embeddable":true,"href":"https:\/\/nrcavocat.com\/index.php\/wp-json\/wp\/v2\/users\/1"}],"replies":[{"embeddable":true,"href":"https:\/\/nrcavocat.com\/index.php\/wp-json\/wp\/v2\/comments?post=54"}],"version-history":[{"count":5,"href":"https:\/\/nrcavocat.com\/index.php\/wp-json\/wp\/v2\/pages\/54\/revisions"}],"predecessor-version":[{"id":220,"href":"https:\/\/nrcavocat.com\/index.php\/wp-json\/wp\/v2\/pages\/54\/revisions\/220"}],"wp:attachment":[{"href":"https:\/\/nrcavocat.com\/index.php\/wp-json\/wp\/v2\/media?parent=54"}],"curies":[{"name":"wp","href":"https:\/\/api.w.org\/{rel}","templated":true}]}}