{"id":40,"date":"2024-02-18T17:40:41","date_gmt":"2024-02-18T16:40:41","guid":{"rendered":"https:\/\/nrcavocat.com\/?page_id=40"},"modified":"2024-02-25T18:25:40","modified_gmt":"2024-02-25T17:25:40","slug":"les-honoraires","status":"publish","type":"page","link":"https:\/\/nrcavocat.com\/index.php\/les-honoraires\/","title":{"rendered":"Les honoraires"},"content":{"rendered":"\n<p class=\"has-normal-font-size\" style=\"margin-top:var(--wp--preset--spacing--30);margin-bottom:var(--wp--preset--spacing--30)\">Ma\u00eetre RUINIER-CAUBET fixe avec vous, en toute transparence, le montant de l&#8217;honoraire correspondant \u00e0 son intervention.<\/p>\n\n\n\n<p class=\"has-normal-font-size\" style=\"margin-top:var(--wp--preset--spacing--30);margin-bottom:var(--wp--preset--spacing--30)\">L&#8217;honoraire est d\u00e9termin\u00e9 en fonction du travail \u00e0 accomplir, de la difficult\u00e9 de l\u2019affaire et du niveau de revenus du Client. <\/p>\n\n\n\n<p class=\"has-normal-font-size\" style=\"margin-top:var(--wp--preset--spacing--30);margin-bottom:var(--wp--preset--spacing--30)\">L\u2019honoraire privil\u00e9gi\u00e9 est un forfait couvrant l\u2019ensemble des diligences accomplies pour une proc\u00e9dure pr\u00e9cise. <\/p>\n\n\n\n<p class=\"has-normal-font-size\" style=\"margin-top:var(--wp--preset--spacing--30);margin-bottom:var(--wp--preset--spacing--30)\">Par ailleurs, un honoraire de r\u00e9sultat correspondant \u00e0 un pourcentage des sommes gagn\u00e9es ou \u00e9conomis\u00e9es pour le compte du Client pourra \u00eatre propos\u00e9.<\/p>\n\n\n\n<p class=\"has-normal-font-size\" style=\"margin-top:var(--wp--preset--spacing--30);margin-bottom:var(--wp--preset--spacing--30)\">Dans les cas les plus complexes, ou pour une consultation ponctuelle, un honoraire au temps pass\u00e9 sera appliqu\u00e9. <\/p>\n\n\n\n<p class=\"has-normal-font-size\" style=\"margin-top:var(--wp--preset--spacing--30);margin-bottom:var(--wp--preset--spacing--30)\">En tout \u00e9tat de cause, les modalit\u00e9s financi\u00e8res seront pr\u00e9alablement d\u00e9termin\u00e9es dans une convention sign\u00e9e par l\u2019Avocat et le Client, conform\u00e9ment \u00e0 la l\u00e9gislation en vigueur et aux usages de la profession.<\/p>\n\n\n\n<p class=\"has-normal-font-size\" id=\"yui_3_17_2_1_1708250897242_534\" style=\"margin-top:var(--wp--preset--spacing--30);margin-bottom:var(--wp--preset--spacing--30)\">Ma\u00eetre RUINIER-CAUBET accepte d\u2019intervenir au titre de l\u2019aide juridictionnelle.<\/p>\n","protected":false},"excerpt":{"rendered":"<p>Ma\u00eetre RUINIER-CAUBET fixe avec vous, en toute transparence, le montant de l&#8217;honoraire correspondant \u00e0 son intervention. L&#8217;honoraire est d\u00e9termin\u00e9 en fonction du travail \u00e0 accomplir, de la difficult\u00e9 de l\u2019affaire et du niveau de revenus du Client. L\u2019honoraire privil\u00e9gi\u00e9 est un forfait couvrant l\u2019ensemble des diligences accomplies pour une proc\u00e9dure pr\u00e9cise. Par ailleurs, un honoraire [&hellip;]<\/p>\n","protected":false},"author":1,"featured_media":0,"parent":0,"menu_order":0,"comment_status":"closed","ping_status":"closed","template":"","meta":{"om_disable_all_campaigns":false,"_monsterinsights_skip_tracking":false,"_monsterinsights_sitenote_active":false,"_monsterinsights_sitenote_note":"","_monsterinsights_sitenote_category":0,"_uf_show_specific_survey":0,"_uf_disable_surveys":false,"footnotes":""},"aioseo_notices":[],"_links":{"self":[{"href":"https:\/\/nrcavocat.com\/index.php\/wp-json\/wp\/v2\/pages\/40"}],"collection":[{"href":"https:\/\/nrcavocat.com\/index.php\/wp-json\/wp\/v2\/pages"}],"about":[{"href":"https:\/\/nrcavocat.com\/index.php\/wp-json\/wp\/v2\/types\/page"}],"author":[{"embeddable":true,"href":"https:\/\/nrcavocat.com\/index.php\/wp-json\/wp\/v2\/users\/1"}],"replies":[{"embeddable":true,"href":"https:\/\/nrcavocat.com\/index.php\/wp-json\/wp\/v2\/comments?post=40"}],"version-history":[{"count":6,"href":"https:\/\/nrcavocat.com\/index.php\/wp-json\/wp\/v2\/pages\/40\/revisions"}],"predecessor-version":[{"id":176,"href":"https:\/\/nrcavocat.com\/index.php\/wp-json\/wp\/v2\/pages\/40\/revisions\/176"}],"wp:attachment":[{"href":"https:\/\/nrcavocat.com\/index.php\/wp-json\/wp\/v2\/media?parent=40"}],"curies":[{"name":"wp","href":"https:\/\/api.w.org\/{rel}","templated":true}]}}