{"id":253,"date":"2024-04-07T19:37:21","date_gmt":"2024-04-07T17:37:21","guid":{"rendered":"https:\/\/nrcavocat.com\/?page_id=253"},"modified":"2024-07-11T10:16:26","modified_gmt":"2024-07-11T08:16:26","slug":"presse","status":"publish","type":"page","link":"https:\/\/nrcavocat.com\/index.php\/presse\/","title":{"rendered":"Presse"},"content":{"rendered":"\n<div class=\"wp-block-group is-layout-constrained wp-container-core-group-layout-1 wp-block-group-is-layout-constrained\" style=\"border-style:none;border-width:0px;border-radius:0px;margin-top:var(--wp--preset--spacing--50);margin-bottom:var(--wp--preset--spacing--50);padding-right:var(--wp--preset--spacing--20);padding-left:var(--wp--preset--spacing--20)\">\n<p class=\"has-raft-fg-color has-text-color has-link-color has-normal-font-size wp-elements-f14071f750c34cb2fc028ea091193d48\"><a href=\"https:\/\/www.ladepeche.fr\/2024\/04\/04\/ivre-il-tire-vers-quatre-enfants-avant-de-subir-une-terrible-raclee-11868166.php\" target=\"_blank\" rel=\"noopener\" title=\"\">La D\u00e9p\u00eache du Midi &#8211; Ivre, il tire vers quatre enfants avant de subir une terrible racl\u00e9e<\/a><\/p>\n\n\n\n<p class=\"has-raft-fg-color has-text-color has-link-color has-normal-font-size wp-elements-bbc85b04afcc603505201a9c92018893\">D\u00e9fense d&#8217;un homme poursuivi pour violences avec armes sur mineurs, sous l&#8217;emprise de l&#8217;alcool et en r\u00e9cidive. Relax\u00e9 pour la d\u00e9tention d&#8217;arme et lib\u00e9r\u00e9 malgr\u00e9 des r\u00e9quisitions de prison ferme. La peine sera ex\u00e9cut\u00e9e \u00e0 domicile avec un bracelet \u00e9lectronique. <\/p>\n\n\n\n<p class=\"has-black-color has-text-color has-link-color has-normal-font-size wp-elements-37477b08e3f44b57f77d856a051dba49\"><a href=\"https:\/\/www.ladepeche.fr\/2024\/04\/04\/ivre-il-tire-vers-quatre-enfants-avant-de-subir-une-terrible-raclee-11868166.php\" target=\"_blank\" rel=\"noopener\" title=\"Lien vers l'article\"><span style=\"text-decoration: underline;\"><em>Lien vers l&#8217;article<\/em><\/span><\/a><\/p>\n<\/div>\n\n\n\n<div class=\"wp-block-group is-layout-constrained wp-block-group-is-layout-constrained\" style=\"border-style:none;border-width:0px;margin-top:var(--wp--preset--spacing--50);margin-bottom:var(--wp--preset--spacing--50);padding-right:var(--wp--preset--spacing--20);padding-left:var(--wp--preset--spacing--20)\">\n<p class=\"has-raft-fg-color has-text-color has-link-color has-normal-font-size wp-elements-0be3c6450b09ab1d21135a0fb40b9305\" style=\"margin-top:0;margin-bottom:0;padding-top:0;padding-bottom:0\"><a href=\"https:\/\/actu.fr\/occitanie\/toulouse_31555\/toulouse-ces-supporters-de-rugby-mettent-fin-a-une-bagarre-ils-sont-passes-a-tabac_61192707.html\" target=\"_blank\" rel=\"noopener\" title=\"\">Actu Toulouse &#8211; Ces supporters de rugby mettent fin \u00e0 une bagarre : ils sont pass\u00e9s \u00e0 tabac<\/a><\/p>\n\n\n\n<p class=\"has-normal-font-size\">D\u00e9fense d&#8217;un p\u00e8re de famille poursuivi pour violences en r\u00e9union et avec arme \u00e0 la suite d&#8217;un match de rugby. Lib\u00e9r\u00e9 \u00e0 l&#8217;audience malgr\u00e9 des r\u00e9quisitions de prison ferme avec mandat de d\u00e9p\u00f4t. <\/p>\n\n\n\n<p class=\"has-raft-fg-color has-text-color has-link-color has-normal-font-size wp-elements-f05ecd56fd46729917159d7c369d46fd\"><strong><span style=\"text-decoration: underline;\"><a href=\"https:\/\/actu.fr\/occitanie\/toulouse_31555\/toulouse-ces-supporters-de-rugby-mettent-fin-a-une-bagarre-ils-sont-passes-a-tabac_61192707.html\" target=\"_blank\" rel=\"noopener\" title=\"\">Lien vers l&#8217;article<\/a><\/span><\/strong><\/p>\n<\/div>\n\n\n\n<div class=\"wp-block-group is-layout-constrained wp-block-group-is-layout-constrained\" style=\"border-style:none;border-width:0px;margin-top:var(--wp--preset--spacing--50);margin-bottom:var(--wp--preset--spacing--50);padding-right:var(--wp--preset--spacing--20);padding-left:var(--wp--preset--spacing--20)\">\n<p class=\"has-raft-fg-color has-text-color has-link-color has-normal-font-size wp-elements-5dae9cce256b43c9af4902120df764bb\" style=\"margin-top:0;margin-bottom:0;padding-top:0;padding-bottom:0\"><a href=\"https:\/\/www.ladepeche.fr\/2024\/07\/03\/je-veux-comprendre-pourquoi-accuse-a-tort-de-viol-par-une-ado-il-passe-36-heures-en-garde-a-vue-pour-rien-12053141.php\" title=\"\">La D\u00e9p\u00eache du Midi &#8211; \u00ab\u00a0Je veux comprendre pourquoi\u00a0!\u00a0\u00bb Accus\u00e9 \u00e0 tort de viol par une ado, il passe 36\u00a0heures en garde \u00e0 vue pour rien<\/a><\/p>\n\n\n\n<p class=\"has-normal-font-size\">D\u00e9fense d&#8217;un jeune homme accus\u00e9 \u00e0 tort de viol et de s\u00e9questration avec arme par une femme inconnue. Lib\u00e9r\u00e9 apr\u00e8s 36 heures de garde \u00e0 vue. D\u00e9p\u00f4t d&#8217;une plainte pour d\u00e9nonciation calomnieuse.<\/p>\n\n\n\n<p class=\"has-raft-fg-color has-text-color has-link-color has-normal-font-size wp-elements-b0a47bff145633fa3ce6e3c2a3f43237\"><strong><span style=\"text-decoration: underline;\"><a href=\"https:\/\/www.ladepeche.fr\/2024\/07\/03\/je-veux-comprendre-pourquoi-accuse-a-tort-de-viol-par-une-ado-il-passe-36-heures-en-garde-a-vue-pour-rien-12053141.php\" target=\"_blank\" rel=\"noopener\" title=\"\">Lien vers l&#8217;article<\/a><\/span><\/strong><\/p>\n<\/div>\n","protected":false},"excerpt":{"rendered":"<p>La D\u00e9p\u00eache du Midi &#8211; Ivre, il tire vers quatre enfants avant de subir une terrible racl\u00e9e D\u00e9fense d&#8217;un homme poursuivi pour violences avec armes sur mineurs, sous l&#8217;emprise de l&#8217;alcool et en r\u00e9cidive. Relax\u00e9 pour la d\u00e9tention d&#8217;arme et lib\u00e9r\u00e9 malgr\u00e9 des r\u00e9quisitions de prison ferme. La peine sera ex\u00e9cut\u00e9e \u00e0 domicile avec un [&hellip;]<\/p>\n","protected":false},"author":1,"featured_media":0,"parent":0,"menu_order":0,"comment_status":"closed","ping_status":"closed","template":"","meta":{"om_disable_all_campaigns":false,"_monsterinsights_skip_tracking":false,"_monsterinsights_sitenote_active":false,"_monsterinsights_sitenote_note":"","_monsterinsights_sitenote_category":0,"_uf_show_specific_survey":0,"_uf_disable_surveys":false,"footnotes":""},"aioseo_notices":[],"_links":{"self":[{"href":"https:\/\/nrcavocat.com\/index.php\/wp-json\/wp\/v2\/pages\/253"}],"collection":[{"href":"https:\/\/nrcavocat.com\/index.php\/wp-json\/wp\/v2\/pages"}],"about":[{"href":"https:\/\/nrcavocat.com\/index.php\/wp-json\/wp\/v2\/types\/page"}],"author":[{"embeddable":true,"href":"https:\/\/nrcavocat.com\/index.php\/wp-json\/wp\/v2\/users\/1"}],"replies":[{"embeddable":true,"href":"https:\/\/nrcavocat.com\/index.php\/wp-json\/wp\/v2\/comments?post=253"}],"version-history":[{"count":27,"href":"https:\/\/nrcavocat.com\/index.php\/wp-json\/wp\/v2\/pages\/253\/revisions"}],"predecessor-version":[{"id":296,"href":"https:\/\/nrcavocat.com\/index.php\/wp-json\/wp\/v2\/pages\/253\/revisions\/296"}],"wp:attachment":[{"href":"https:\/\/nrcavocat.com\/index.php\/wp-json\/wp\/v2\/media?parent=253"}],"curies":[{"name":"wp","href":"https:\/\/api.w.org\/{rel}","templated":true}]}}