{"id":190,"date":"2024-03-10T18:38:56","date_gmt":"2024-03-10T17:38:56","guid":{"rendered":"https:\/\/nrcavocat.com\/?page_id=190"},"modified":"2024-03-10T18:47:46","modified_gmt":"2024-03-10T17:47:46","slug":"mentions-legales","status":"publish","type":"page","link":"https:\/\/nrcavocat.com\/index.php\/mentions-legales\/","title":{"rendered":"Mentions l\u00e9gales"},"content":{"rendered":"\n<p class=\"has-normal-font-size\" style=\"margin-top:0;margin-bottom:0\">Le pr\u00e9sent site est \u00e9dit\u00e9 et administr\u00e9 par l&#8217;Entreprise Individuelle Nicolas RUINIER-CAUBET Avocat, inscrite au Barreau de Toulouse. <\/p>\n\n\n\n<div class=\"wp-block-group is-layout-constrained wp-block-group-is-layout-constrained\" style=\"padding-top:var(--wp--preset--spacing--30);padding-bottom:var(--wp--preset--spacing--30)\">\n<p class=\"has-normal-font-size\">34 rue de Bayard, 31000 Toulouse<\/p>\n\n\n\n<p class=\"has-normal-font-size\">06.17.96.60.38<\/p>\n\n\n\n<p class=\"has-normal-font-size\">nrc.avocat@gmail.com<\/p>\n<\/div>\n\n\n\n<p class=\"has-normal-font-size\"><\/p>\n\n\n\n<p class=\"has-normal-font-size\" style=\"margin-top:var(--wp--preset--spacing--20);margin-bottom:var(--wp--preset--spacing--20)\">SIRET n\u00b0918 958 885 00025<\/p>\n\n\n\n<p class=\"has-normal-font-size\"><\/p>\n\n\n\n<p class=\"has-black-color has-text-color has-link-color has-normal-font-size wp-elements-c775e60afec15e16b0fa1b7f61a98a6d\" style=\"margin-top:var(--wp--preset--spacing--30);margin-bottom:var(--wp--preset--spacing--30)\">Site h\u00e9berg\u00e9 par HOSTINGER INTERNATIONAL LTD, sis 61 Lordou Vironos Street, 6023 Larnaca, Chypre, joignable par le moyen suivant : <a href=\"https:\/\/www.hostinger.fr\/contact\" target=\"_blank\" rel=\"noreferrer noopener\"><em>https:\/\/www.hostinger.fr\/contact<\/em><\/a>.<\/p>\n\n\n\n<p class=\"has-normal-font-size\" style=\"margin-top:var(--wp--preset--spacing--60);margin-bottom:var(--wp--preset--spacing--60)\"><\/p>\n\n\n\n<p style=\"margin-top:var(--wp--preset--spacing--40);margin-bottom:var(--wp--preset--spacing--40)\"><strong>Traitement des donn\u00e9es personnelles<\/strong><\/p>\n\n\n\n<p class=\"has-normal-font-size\" style=\"margin-top:var(--wp--preset--spacing--30);margin-bottom:var(--wp--preset--spacing--30)\">Conform\u00e9ment aux dispositions de la loi n\u00b078-17 du 6 janvier 1978 modifi\u00e9e, relative \u00e0 l\u2019informatique, aux fichiers et aux libert\u00e9s, vous disposez d\u2019un droit d\u2019acc\u00e8s, d\u2019opposition, de rectification et de radiation des donn\u00e9es vous concernant.<\/p>\n\n\n\n<p style=\"margin-top:var(--wp--preset--spacing--30);margin-bottom:var(--wp--preset--spacing--30)\"><\/p>\n\n\n\n<p class=\"has-normal-font-size\" style=\"margin-top:var(--wp--preset--spacing--30);margin-bottom:var(--wp--preset--spacing--30)\">Vous pouvez exercer ce droit en faisant une demande \u00e0 l\u2019adresse \u00e9lectronique suivante : nrc.avocat@gmail.com<\/p>\n\n\n\n<p style=\"margin-top:var(--wp--preset--spacing--30);margin-bottom:var(--wp--preset--spacing--30)\"><\/p>\n\n\n\n<p class=\"has-normal-font-size\" style=\"margin-top:var(--wp--preset--spacing--30);margin-bottom:var(--wp--preset--spacing--30)\">L&#8217;Avocat s\u2019engage \u00e0 pr\u00e9server la confidentialit\u00e9 des donn\u00e9es personnelles transmises par les utilisateurs dans le cadre de l\u2019utilisation du site, et pour une dur\u00e9e limit\u00e9e dans le temps.<\/p>\n\n\n\n<p style=\"margin-top:var(--wp--preset--spacing--30);margin-bottom:var(--wp--preset--spacing--30)\"><\/p>\n\n\n\n<p class=\"has-normal-font-size\" style=\"margin-top:var(--wp--preset--spacing--30);margin-bottom:var(--wp--preset--spacing--30)\">Sous r\u00e9serve du consentement expr\u00e8s et pr\u00e9alable lors de la collecte des donn\u00e9es d\u00e9livr\u00e9 par l&#8217;utilisateur, l&#8217;Avocat pourra adresser \u00e0 chacun des utilisateurs des prospections directes par courrier \u00e9lectronique.<\/p>\n\n\n\n<p style=\"margin-top:var(--wp--preset--spacing--30);margin-bottom:var(--wp--preset--spacing--30)\"><\/p>\n","protected":false},"excerpt":{"rendered":"<p>Le pr\u00e9sent site est \u00e9dit\u00e9 et administr\u00e9 par l&#8217;Entreprise Individuelle Nicolas RUINIER-CAUBET Avocat, inscrite au Barreau de Toulouse. 34 rue de Bayard, 31000 Toulouse 06.17.96.60.38 nrc.avocat@gmail.com SIRET n\u00b0918 958 885 00025 Site h\u00e9berg\u00e9 par HOSTINGER INTERNATIONAL LTD, sis 61 Lordou Vironos Street, 6023 Larnaca, Chypre, joignable par le moyen suivant : https:\/\/www.hostinger.fr\/contact. Traitement des donn\u00e9es [&hellip;]<\/p>\n","protected":false},"author":1,"featured_media":0,"parent":0,"menu_order":0,"comment_status":"closed","ping_status":"closed","template":"","meta":{"om_disable_all_campaigns":false,"_monsterinsights_skip_tracking":false,"_monsterinsights_sitenote_active":false,"_monsterinsights_sitenote_note":"","_monsterinsights_sitenote_category":0,"_uf_show_specific_survey":0,"_uf_disable_surveys":false,"footnotes":""},"aioseo_notices":[],"_links":{"self":[{"href":"https:\/\/nrcavocat.com\/index.php\/wp-json\/wp\/v2\/pages\/190"}],"collection":[{"href":"https:\/\/nrcavocat.com\/index.php\/wp-json\/wp\/v2\/pages"}],"about":[{"href":"https:\/\/nrcavocat.com\/index.php\/wp-json\/wp\/v2\/types\/page"}],"author":[{"embeddable":true,"href":"https:\/\/nrcavocat.com\/index.php\/wp-json\/wp\/v2\/users\/1"}],"replies":[{"embeddable":true,"href":"https:\/\/nrcavocat.com\/index.php\/wp-json\/wp\/v2\/comments?post=190"}],"version-history":[{"count":6,"href":"https:\/\/nrcavocat.com\/index.php\/wp-json\/wp\/v2\/pages\/190\/revisions"}],"predecessor-version":[{"id":200,"href":"https:\/\/nrcavocat.com\/index.php\/wp-json\/wp\/v2\/pages\/190\/revisions\/200"}],"wp:attachment":[{"href":"https:\/\/nrcavocat.com\/index.php\/wp-json\/wp\/v2\/media?parent=190"}],"curies":[{"name":"wp","href":"https:\/\/api.w.org\/{rel}","templated":true}]}}